{"id":5521,"date":"2025-11-05T12:11:57","date_gmt":"2025-11-05T11:11:57","guid":{"rendered":"https:\/\/spreewaffel.de\/web\/schuelerpraktikum-copy\/"},"modified":"2025-11-05T12:12:56","modified_gmt":"2025-11-05T11:12:56","slug":"studentisches-praktikum","status":"publish","type":"page","link":"https:\/\/spreewaffel.de\/web\/studentisches-praktikum\/","title":{"rendered":"Studentisches Praktikum"},"content":{"rendered":"<div class=\"wpb-content-wrapper\"><p>[vc_row full_width=&#8221;stretch_row_content_no_spaces&#8221;][vc_column offset=&#8221;vc_hidden-md vc_hidden-sm vc_hidden-xs&#8221;][vc_single_image image=&#8221;5350&#8243; img_size=&#8221;full&#8221; css=&#8221;&#8221;][\/vc_column][\/vc_row][vc_row full_width=&#8221;stretch_row_content_no_spaces&#8221;][vc_column offset=&#8221;vc_hidden-lg&#8221;][vc_single_image image=&#8221;5351&#8243; img_size=&#8221;full&#8221; css=&#8221;&#8221;][\/vc_column][\/vc_row][vc_row css=&#8221;.vc_custom_1752654199993{margin-top: 60px !important;}&#8221;][vc_column][vc_column_text css=&#8221;&#8221; el_class=&#8221;filinchen-text&#8221;]<\/p>\n<div style=\"text-align: center;\">\n<p style=\"text-align: left;\"><strong>Studentisches Praktikum im Bereich Qualit\u00e4tsmanagement &amp; Produktentwicklung (m\/w\/d)<\/strong><\/p>\n<p style=\"text-align: left;\"><strong>\u00a0<\/strong><\/p>\n<p style=\"text-align: left;\"><strong>Deine Aufgaben<\/strong><\/p>\n<p style=\"text-align: left;\">Im Rahmen deines Praktikums erh\u00e4ltst du einen umfassenden Einblick in die Abl\u00e4ufe unseres Qualit\u00e4tsmanagements und unserer Produktentwicklung. Du unterst\u00fctzt unser Team insbesondere bei:<\/p>\n<ul style=\"text-align: left;\">\n<li>der <strong>Mitarbeit im Qualit\u00e4tsmanagementsystem (IFS\/BRC, HACCP, Audits, Dokumentation)<\/strong><\/li>\n<li>der <strong>\u00dcberpr\u00fcfung und Weiterentwicklung von Produktions- und Hygienestandards<\/strong><\/li>\n<li>der <strong>Probenahme und sensorischen Bewertung von Produkten<\/strong><\/li>\n<li>der <strong>Unterst\u00fctzung bei Produktentwicklungen<\/strong>, Rezeptur- und Prozessoptimierungen<\/li>\n<li>der <strong>Datenauswertung und Erstellung von Qualit\u00e4tsberichten<\/strong><\/li>\n<li>ggf. der <strong>Mitarbeit an Projekten zur Nachhaltigkeit und Verpackungsoptimierung<\/strong><\/li>\n<\/ul>\n<p style=\"text-align: left;\"><strong>Dein Profil<\/strong><\/p>\n<ul style=\"text-align: left;\">\n<li>Laufendes Studium im Bereich <strong>Lebensmitteltechnologie, \u00d6kotrophologie, Lebensmittelchemie, Ern\u00e4hrungswissenschaften<\/strong> oder einem vergleichbaren Studiengang<\/li>\n<li>Interesse an <strong>Qualit\u00e4tssicherung, Lebensmittelsicherheit und Produktentwicklung<\/strong><\/li>\n<li>Analytisches Denken und sorgf\u00e4ltige, strukturierte Arbeitsweise<\/li>\n<li>Teamf\u00e4higkeit, Eigeninitiative und Kommunikationsst\u00e4rke<\/li>\n<li>Sicherer Umgang mit MS Office (insbesondere Excel)<\/li>\n<li>Grundkenntnisse der Adobe-Programme von Vorteil<\/li>\n<li>Erste praktische Erfahrungen im Labor oder in der Lebensmittelproduktion sind von Vorteil, aber kein Muss<\/li>\n<\/ul>\n<p style=\"text-align: left;\"><strong>Wir bieten<\/strong><\/p>\n<ul style=\"text-align: left;\">\n<li>Eine praxisnahe und abwechslungsreiche T\u00e4tigkeit in einem traditionsreichen Lebensmittelunternehmen<\/li>\n<li>Einblick in alle Qualit\u00e4ts- und Entwicklungsprozesse von der Rohware bis zum Endprodukt<\/li>\n<li>Eigenst\u00e4ndige Aufgaben mit Raum f\u00fcr eigene Ideen und Projekte<\/li>\n<li>Betreuung durch erfahrene Fachkr\u00e4fte aus Qualit\u00e4tssicherung und Produktentwicklung<\/li>\n<li>M\u00f6glichkeit zur Anfertigung einer <strong>Bachelor- oder Masterarbeit<\/strong> (nach Absprache)<\/li>\n<\/ul>\n<p style=\"text-align: left;\"><strong>Rahmenbedingungen<\/strong><\/p>\n<ul style=\"text-align: left;\">\n<li>Dauer: 1-3 Monate (l\u00e4ngerer Zeitraum nach Absprache, max. 6 Monate)<\/li>\n<li>Beginn: nach Vereinbarung<\/li>\n<li>Hygienekleidung wird gestellt<\/li>\n<li>Eine Gesundheitsbelehrung nach \u00a7 43 Infektionsschutzgesetz ist vor Antritt des Praktikums erforderlich (Rote Karte)<\/li>\n<\/ul>\n<p style=\"text-align: left;\"><strong>Interessiert?<\/strong><\/p>\n<p style=\"text-align: left;\">Dann freuen wir uns auf deine aussagekr\u00e4ftige Bewerbung mit Angabe des gew\u00fcnschten Zeitraums per E-Mail an: <a href=\"mailto:bewerbung@spreewaffel.de\">bewerbung@spreewaffel.de<\/a><\/p>\n<p style=\"text-align: left;\">\n<\/div>\n<p>[\/vc_column_text][\/vc_column][\/vc_row][vc_row full_width=&#8221;stretch_row_content&#8221;][vc_column width=&#8221;1\/3&#8243; offset=&#8221;vc_col-xs-6&#8243;][vc_single_image image=&#8221;5341&#8243; img_size=&#8221;large&#8221; style=&#8221;vc_box_shadow_border&#8221; css=&#8221;&#8221;][\/vc_column][vc_column width=&#8221;1\/3&#8243; offset=&#8221;vc_col-xs-6&#8243;][vc_single_image image=&#8221;5344&#8243; img_size=&#8221;large&#8221; style=&#8221;vc_box_shadow_border&#8221; css=&#8221;&#8221;][\/vc_column][vc_column width=&#8221;1\/3&#8243;][vc_single_image image=&#8221;5338&#8243; img_size=&#8221;large&#8221; style=&#8221;vc_box_shadow_border&#8221; css=&#8221;&#8221;][\/vc_column][\/vc_row][vc_row full_width=&#8221;stretch_row_content&#8221;][vc_column width=&#8221;1\/3&#8243; offset=&#8221;vc_col-xs-6&#8243;][vc_single_image image=&#8221;5464&#8243; img_size=&#8221;large&#8221; style=&#8221;vc_box_shadow_border&#8221; css=&#8221;&#8221;][\/vc_column][vc_column width=&#8221;1\/3&#8243; offset=&#8221;vc_col-xs-6&#8243;][vc_single_image image=&#8221;5348&#8243; img_size=&#8221;large&#8221; style=&#8221;vc_box_shadow_border&#8221; css=&#8221;&#8221;][\/vc_column][vc_column width=&#8221;1\/3&#8243;][vc_single_image image=&#8221;5347&#8243; img_size=&#8221;large&#8221; style=&#8221;vc_box_shadow_border&#8221; css=&#8221;&#8221;][\/vc_column][\/vc_row][vc_row full_width=&#8221;stretch_row_content&#8221;][vc_column width=&#8221;1\/3&#8243; offset=&#8221;vc_col-xs-6&#8243;][vc_single_image image=&#8221;5343&#8243; img_size=&#8221;large&#8221; style=&#8221;vc_box_shadow_border&#8221; css=&#8221;&#8221;][\/vc_column][vc_column width=&#8221;1\/3&#8243; offset=&#8221;vc_col-xs-6&#8243;][vc_single_image image=&#8221;5345&#8243; img_size=&#8221;large&#8221; style=&#8221;vc_box_shadow_border&#8221; css=&#8221;&#8221;][\/vc_column][vc_column width=&#8221;1\/3&#8243;][vc_single_image image=&#8221;5342&#8243; img_size=&#8221;large&#8221; style=&#8221;vc_box_shadow_border&#8221; css=&#8221;&#8221;][\/vc_column][\/vc_row]<\/p>\n<\/div>","protected":false},"excerpt":{"rendered":"<p>[vc_row full_width=&#8221;stretch_row_content_no_spaces&#8221;][vc_column offset=&#8221;vc_hidden-md vc_hidden-sm vc_hidden-xs&#8221;][vc_single_image image=&#8221;5350&#8243; img_size=&#8221;full&#8221; css=&#8221;&#8221;][\/vc_column][\/vc_row][vc_row full_width=&#8221;stretch_row_content_no_spaces&#8221;][vc_column offset=&#8221;vc_hidden-lg&#8221;][vc_single_image image=&#8221;5351&#8243; img_size=&#8221;full&#8221; css=&#8221;&#8221;][\/vc_column][\/vc_row][vc_row css=&#8221;.vc_custom_1752654199993{margin-top: 60px !important;}&#8221;][vc_column][vc_column_text css=&#8221;&#8221; el_class=&#8221;filinchen-text&#8221;] Studentisches Praktikum [&hellip;]<\/p>\n","protected":false},"author":3,"featured_media":0,"parent":0,"menu_order":0,"comment_status":"closed","ping_status":"closed","template":"","meta":{"site-sidebar-layout":"no-sidebar","site-content-layout":"plain-container","ast-site-content-layout":"default","site-content-style":"default","site-sidebar-style":"default","ast-global-header-display":"","ast-banner-title-visibility":"","ast-main-header-display":"","ast-hfb-above-header-display":"","ast-hfb-below-header-display":"","ast-hfb-mobile-header-display":"","site-post-title":"disabled","ast-breadcrumbs-content":"","ast-featured-img":"disabled","footer-sml-layout":"","theme-transparent-header-meta":"default","adv-header-id-meta":"","stick-header-meta":"","header-above-stick-meta":"","header-main-stick-meta":"","header-below-stick-meta":"","astra-migrate-meta-layouts":"set","ast-page-background-enabled":"default","ast-page-background-meta":{"desktop":{"background-color":"var(--ast-global-color-5)","background-image":"","background-repeat":"repeat","background-position":"center center","background-size":"auto","background-attachment":"scroll","background-type":"","background-media":"","overlay-type":"","overlay-color":"","overlay-opacity":"","overlay-gradient":""},"tablet":{"background-color":"","background-image":"","background-repeat":"repeat","background-position":"center center","background-size":"auto","background-attachment":"scroll","background-type":"","background-media":"","overlay-type":"","overlay-color":"","overlay-opacity":"","overlay-gradient":""},"mobile":{"background-color":"","background-image":"","background-repeat":"repeat","background-position":"center center","background-size":"auto","background-attachment":"scroll","background-type":"","background-media":"","overlay-type":"","overlay-color":"","overlay-opacity":"","overlay-gradient":""}},"ast-content-background-meta":{"desktop":{"background-color":"var(--ast-global-color-4)","background-image":"","background-repeat":"repeat","background-position":"center center","background-size":"auto","background-attachment":"scroll","background-type":"","background-media":"","overlay-type":"","overlay-color":"","overlay-opacity":"","overlay-gradient":""},"tablet":{"background-color":"var(--ast-global-color-4)","background-image":"","background-repeat":"repeat","background-position":"center center","background-size":"auto","background-attachment":"scroll","background-type":"","background-media":"","overlay-type":"","overlay-color":"","overlay-opacity":"","overlay-gradient":""},"mobile":{"background-color":"var(--ast-global-color-4)","background-image":"","background-repeat":"repeat","background-position":"center center","background-size":"auto","background-attachment":"scroll","background-type":"","background-media":"","overlay-type":"","overlay-color":"","overlay-opacity":"","overlay-gradient":""}},"footnotes":""},"class_list":["post-5521","page","type-page","status-publish","hentry"],"_links":{"self":[{"href":"https:\/\/spreewaffel.de\/web\/wp-json\/wp\/v2\/pages\/5521","targetHints":{"allow":["GET"]}}],"collection":[{"href":"https:\/\/spreewaffel.de\/web\/wp-json\/wp\/v2\/pages"}],"about":[{"href":"https:\/\/spreewaffel.de\/web\/wp-json\/wp\/v2\/types\/page"}],"author":[{"embeddable":true,"href":"https:\/\/spreewaffel.de\/web\/wp-json\/wp\/v2\/users\/3"}],"replies":[{"embeddable":true,"href":"https:\/\/spreewaffel.de\/web\/wp-json\/wp\/v2\/comments?post=5521"}],"version-history":[{"count":2,"href":"https:\/\/spreewaffel.de\/web\/wp-json\/wp\/v2\/pages\/5521\/revisions"}],"predecessor-version":[{"id":5523,"href":"https:\/\/spreewaffel.de\/web\/wp-json\/wp\/v2\/pages\/5521\/revisions\/5523"}],"wp:attachment":[{"href":"https:\/\/spreewaffel.de\/web\/wp-json\/wp\/v2\/media?parent=5521"}],"curies":[{"name":"wp","href":"https:\/\/api.w.org\/{rel}","templated":true}]}}