{"id":5512,"date":"2025-11-05T12:02:14","date_gmt":"2025-11-05T11:02:14","guid":{"rendered":"https:\/\/spreewaffel.de\/web\/arbeite-mit-uns-copy\/"},"modified":"2025-11-05T12:09:12","modified_gmt":"2025-11-05T11:09:12","slug":"schuelerpraktikum","status":"publish","type":"page","link":"https:\/\/spreewaffel.de\/web\/schuelerpraktikum\/","title":{"rendered":"Sch\u00fclerpraktikum"},"content":{"rendered":"<div class=\"wpb-content-wrapper\"><p>[vc_row full_width=&#8221;stretch_row_content_no_spaces&#8221;][vc_column offset=&#8221;vc_hidden-md vc_hidden-sm vc_hidden-xs&#8221;][vc_single_image image=&#8221;5350&#8243; img_size=&#8221;full&#8221; css=&#8221;&#8221;][\/vc_column][\/vc_row][vc_row full_width=&#8221;stretch_row_content_no_spaces&#8221;][vc_column offset=&#8221;vc_hidden-lg&#8221;][vc_single_image image=&#8221;5351&#8243; img_size=&#8221;full&#8221; css=&#8221;&#8221;][\/vc_column][\/vc_row][vc_row css=&#8221;.vc_custom_1752654199993{margin-top: 60px !important;}&#8221;][vc_column][vc_column_text css=&#8221;&#8221; el_class=&#8221;filinchen-text&#8221;]<\/p>\n<div style=\"text-align: center;\">\n<p style=\"text-align: left;\"><strong>Sch\u00fclerpraktikum im Bereich Lebensmitteltechnologie (m\/w\/d)<\/strong><\/p>\n<p style=\"text-align: left;\">Du interessierst dich f\u00fcr Lebensmittel, ihre Herstellung und Qualit\u00e4t? Dann bist du bei uns richtig!<\/p>\n<p style=\"text-align: left;\"><strong>Das bringst du mit<\/strong><\/p>\n<ul style=\"text-align: left;\">\n<li>Interesse an Lebensmitteln, Ern\u00e4hrung und Produktion<\/li>\n<li>Freude an naturwissenschaftlichen und technischen Themen<\/li>\n<li>Gute Vorkenntnisse in Mathematik<\/li>\n<li>Sorgf\u00e4ltige, saubere und hygienische Arbeitsweise<\/li>\n<li>Zuverl\u00e4ssigkeit, Teamgeist und Motivation<\/li>\n<li>Bereitschaft, Sicherheits- und Hygieneregeln einzuhalten<\/li>\n<\/ul>\n<p style=\"text-align: left;\"><strong>Das erwartet dich<\/strong><\/p>\n<ul style=\"text-align: left;\">\n<li>Einblick in die Herstellung von Knusperbrot und Waffeln<\/li>\n<li>Kennenlernen von Produktionsanlagen und Verpackungstechnik<\/li>\n<li>Beobachtung und Unterst\u00fctzung bei Qualit\u00e4tssicherungs- und Hygienema\u00dfnahmen<\/li>\n<li>Spannende Einblicke in die Prozesse der Produktentwicklung<\/li>\n<li>M\u00f6glichkeit, kleine Aufgaben im Team selbstst\u00e4ndig zu \u00fcbernehmen<\/li>\n<\/ul>\n<p style=\"text-align: left;\"><strong>Rahmenbedingungen<\/strong><\/p>\n<ul style=\"text-align: left;\">\n<li>Dauer: 1\u20133 Wochen (je nach Schule)<\/li>\n<li>Hygienekleidung wird gestellt<\/li>\n<li>Eine Gesundheitsbelehrung nach \u00a7 43 Infektionsschutzgesetz ist vor Antritt des Praktikums erforderlich (Rote Karte)<\/li>\n<\/ul>\n<p>&nbsp;<\/p>\n<p style=\"text-align: left;\"><strong>Interessiert?<\/strong><\/p>\n<p style=\"text-align: left;\">Dann freuen wir uns auf deine Bewerbung mit Angabe des gew\u00fcnschten Zeitraums per E-Mail an: <a href=\"mailto:bewerbung@spreewaffel.de\">bewerbung@spreewaffel.de<\/a><\/p>\n<p style=\"text-align: left;\">\n<\/div>\n<p>[\/vc_column_text][\/vc_column][\/vc_row][vc_row full_width=&#8221;stretch_row_content&#8221;][vc_column width=&#8221;1\/3&#8243; offset=&#8221;vc_col-xs-6&#8243;][vc_single_image image=&#8221;5341&#8243; img_size=&#8221;large&#8221; style=&#8221;vc_box_shadow_border&#8221; css=&#8221;&#8221;][\/vc_column][vc_column width=&#8221;1\/3&#8243; offset=&#8221;vc_col-xs-6&#8243;][vc_single_image image=&#8221;5344&#8243; img_size=&#8221;large&#8221; style=&#8221;vc_box_shadow_border&#8221; css=&#8221;&#8221;][\/vc_column][vc_column width=&#8221;1\/3&#8243;][vc_single_image image=&#8221;5338&#8243; img_size=&#8221;large&#8221; style=&#8221;vc_box_shadow_border&#8221; css=&#8221;&#8221;][\/vc_column][\/vc_row][vc_row full_width=&#8221;stretch_row_content&#8221;][vc_column width=&#8221;1\/3&#8243; offset=&#8221;vc_col-xs-6&#8243;][vc_single_image image=&#8221;5464&#8243; img_size=&#8221;large&#8221; style=&#8221;vc_box_shadow_border&#8221; css=&#8221;&#8221;][\/vc_column][vc_column width=&#8221;1\/3&#8243; offset=&#8221;vc_col-xs-6&#8243;][vc_single_image image=&#8221;5348&#8243; img_size=&#8221;large&#8221; style=&#8221;vc_box_shadow_border&#8221; css=&#8221;&#8221;][\/vc_column][vc_column width=&#8221;1\/3&#8243;][vc_single_image image=&#8221;5347&#8243; img_size=&#8221;large&#8221; style=&#8221;vc_box_shadow_border&#8221; css=&#8221;&#8221;][\/vc_column][\/vc_row][vc_row full_width=&#8221;stretch_row_content&#8221;][vc_column width=&#8221;1\/3&#8243; offset=&#8221;vc_col-xs-6&#8243;][vc_single_image image=&#8221;5343&#8243; img_size=&#8221;large&#8221; style=&#8221;vc_box_shadow_border&#8221; css=&#8221;&#8221;][\/vc_column][vc_column width=&#8221;1\/3&#8243; offset=&#8221;vc_col-xs-6&#8243;][vc_single_image image=&#8221;5345&#8243; img_size=&#8221;large&#8221; style=&#8221;vc_box_shadow_border&#8221; css=&#8221;&#8221;][\/vc_column][vc_column width=&#8221;1\/3&#8243;][vc_single_image image=&#8221;5342&#8243; img_size=&#8221;large&#8221; style=&#8221;vc_box_shadow_border&#8221; css=&#8221;&#8221;][\/vc_column][\/vc_row]<\/p>\n<\/div>","protected":false},"excerpt":{"rendered":"<p>[vc_row full_width=&#8221;stretch_row_content_no_spaces&#8221;][vc_column offset=&#8221;vc_hidden-md vc_hidden-sm vc_hidden-xs&#8221;][vc_single_image image=&#8221;5350&#8243; img_size=&#8221;full&#8221; css=&#8221;&#8221;][\/vc_column][\/vc_row][vc_row full_width=&#8221;stretch_row_content_no_spaces&#8221;][vc_column offset=&#8221;vc_hidden-lg&#8221;][vc_single_image image=&#8221;5351&#8243; img_size=&#8221;full&#8221; css=&#8221;&#8221;][\/vc_column][\/vc_row][vc_row css=&#8221;.vc_custom_1752654199993{margin-top: 60px !important;}&#8221;][vc_column][vc_column_text css=&#8221;&#8221; el_class=&#8221;filinchen-text&#8221;] Sch\u00fclerpraktikum im [&hellip;]<\/p>\n","protected":false},"author":3,"featured_media":0,"parent":0,"menu_order":0,"comment_status":"closed","ping_status":"closed","template":"","meta":{"site-sidebar-layout":"no-sidebar","site-content-layout":"plain-container","ast-site-content-layout":"default","site-content-style":"default","site-sidebar-style":"default","ast-global-header-display":"","ast-banner-title-visibility":"","ast-main-header-display":"","ast-hfb-above-header-display":"","ast-hfb-below-header-display":"","ast-hfb-mobile-header-display":"","site-post-title":"disabled","ast-breadcrumbs-content":"","ast-featured-img":"disabled","footer-sml-layout":"","theme-transparent-header-meta":"default","adv-header-id-meta":"","stick-header-meta":"","header-above-stick-meta":"","header-main-stick-meta":"","header-below-stick-meta":"","astra-migrate-meta-layouts":"set","ast-page-background-enabled":"default","ast-page-background-meta":{"desktop":{"background-color":"var(--ast-global-color-5)","background-image":"","background-repeat":"repeat","background-position":"center center","background-size":"auto","background-attachment":"scroll","background-type":"","background-media":"","overlay-type":"","overlay-color":"","overlay-opacity":"","overlay-gradient":""},"tablet":{"background-color":"","background-image":"","background-repeat":"repeat","background-position":"center center","background-size":"auto","background-attachment":"scroll","background-type":"","background-media":"","overlay-type":"","overlay-color":"","overlay-opacity":"","overlay-gradient":""},"mobile":{"background-color":"","background-image":"","background-repeat":"repeat","background-position":"center center","background-size":"auto","background-attachment":"scroll","background-type":"","background-media":"","overlay-type":"","overlay-color":"","overlay-opacity":"","overlay-gradient":""}},"ast-content-background-meta":{"desktop":{"background-color":"var(--ast-global-color-4)","background-image":"","background-repeat":"repeat","background-position":"center center","background-size":"auto","background-attachment":"scroll","background-type":"","background-media":"","overlay-type":"","overlay-color":"","overlay-opacity":"","overlay-gradient":""},"tablet":{"background-color":"var(--ast-global-color-4)","background-image":"","background-repeat":"repeat","background-position":"center center","background-size":"auto","background-attachment":"scroll","background-type":"","background-media":"","overlay-type":"","overlay-color":"","overlay-opacity":"","overlay-gradient":""},"mobile":{"background-color":"var(--ast-global-color-4)","background-image":"","background-repeat":"repeat","background-position":"center center","background-size":"auto","background-attachment":"scroll","background-type":"","background-media":"","overlay-type":"","overlay-color":"","overlay-opacity":"","overlay-gradient":""}},"footnotes":""},"class_list":["post-5512","page","type-page","status-publish","hentry"],"_links":{"self":[{"href":"https:\/\/spreewaffel.de\/web\/wp-json\/wp\/v2\/pages\/5512","targetHints":{"allow":["GET"]}}],"collection":[{"href":"https:\/\/spreewaffel.de\/web\/wp-json\/wp\/v2\/pages"}],"about":[{"href":"https:\/\/spreewaffel.de\/web\/wp-json\/wp\/v2\/types\/page"}],"author":[{"embeddable":true,"href":"https:\/\/spreewaffel.de\/web\/wp-json\/wp\/v2\/users\/3"}],"replies":[{"embeddable":true,"href":"https:\/\/spreewaffel.de\/web\/wp-json\/wp\/v2\/comments?post=5512"}],"version-history":[{"count":2,"href":"https:\/\/spreewaffel.de\/web\/wp-json\/wp\/v2\/pages\/5512\/revisions"}],"predecessor-version":[{"id":5516,"href":"https:\/\/spreewaffel.de\/web\/wp-json\/wp\/v2\/pages\/5512\/revisions\/5516"}],"wp:attachment":[{"href":"https:\/\/spreewaffel.de\/web\/wp-json\/wp\/v2\/media?parent=5512"}],"curies":[{"name":"wp","href":"https:\/\/api.w.org\/{rel}","templated":true}]}}