{"id":4203,"date":"2025-06-24T13:43:58","date_gmt":"2025-06-24T11:43:58","guid":{"rendered":"https:\/\/spreewaffel.de\/web\/yamato\/?page_id=4203"},"modified":"2026-01-06T15:47:11","modified_gmt":"2026-01-06T14:47:11","slug":"unsere-werte","status":"publish","type":"page","link":"https:\/\/spreewaffel.de\/web\/unsere-werte\/","title":{"rendered":"Unsere Werte\/Zertifikate"},"content":{"rendered":"<div class=\"wpb-content-wrapper\"><p>[vc_row full_width=&#8221;stretch_row_content_no_spaces&#8221;][vc_column offset=&#8221;vc_hidden-md vc_hidden-sm vc_hidden-xs&#8221;][vc_single_image image=&#8221;4747&#8243; img_size=&#8221;FULL&#8221; css=&#8221;&#8221;][\/vc_column][\/vc_row][vc_row full_width=&#8221;stretch_row_content_no_spaces&#8221;][vc_column offset=&#8221;vc_hidden-lg&#8221;][vc_single_image image=&#8221;4238&#8243; img_size=&#8221;FULL&#8221; css=&#8221;&#8221;][\/vc_column][\/vc_row][vc_row full_width=&#8221;stretch_row&#8221; css=&#8221;.vc_custom_1750666730356{margin-right: 15px !important;margin-left: 15px !important;background-position: center !important;background-repeat: no-repeat !important;background-size: cover !important;}&#8221;][vc_column][vc_custom_heading text=&#8221;Unsere Grunds\u00e4tze f\u00fcr Qualit\u00e4t, Tradition und Handwerk&#8221; font_container=&#8221;tag:h2|font_size:80|text_align:center|color:%238F0B0B&#8221; google_fonts=&#8221;font_family:Cookie%3Aregular|font_style:400%20regular%20normal%3A400%3Anormal&#8221; css=&#8221;&#8221; el_class=&#8221;headline-click&#8221;][\/vc_column][\/vc_row][vc_row el_id=&#8221;scroll-karamell&#8221;][vc_column offset=&#8221;vc_col-xs-12&#8243;][vc_custom_heading text=&#8221;Inklusivit\u00e4t und Vielseitigkeit&#8221; font_container=&#8221;tag:h2|font_size:40|text_align:left|color:%238F0B0B&#8221; google_fonts=&#8221;font_family:Alfa%20Slab%20One%3Aregular|font_style:400%20regular%20normal%3A400%3Anormal&#8221; css=&#8221;.vc_custom_1750768021093{padding-top: 40px !important;}&#8221; el_class=&#8221;homepage-headline-3&#8243;][\/vc_column][\/vc_row][vc_row css=&#8221;.vc_custom_1754897070716{margin-top: 50px !important;}&#8221;][vc_column width=&#8221;1\/3&#8243; offset=&#8221;vc_col-lg-offset-0 vc_col-md-offset-0 vc_col-md-4 vc_col-sm-offset-0 vc_col-xs-offset-3 vc_col-xs-6&#8243;][vc_single_image image=&#8221;4227&#8243; img_size=&#8221;large&#8221; alignment=&#8221;center&#8221; css_animation=&#8221;slideInUp&#8221; css=&#8221;&#8221;][\/vc_column][vc_column width=&#8221;2\/3&#8243; offset=&#8221;vc_col-lg-offset-0 vc_col-md-offset-0 vc_col-md-8 vc_col-sm-offset-0 vc_col-xs-12&#8243;][vc_column_text css=&#8221;&#8221; el_class=&#8221;filinchen-text&#8221;]<\/p>\n<p style=\"text-align: justify;\">Bei uns z\u00e4hlt, wer du bist \u2013 nicht, wo du herkommst oder wie alt du bist. In unserem Team arbeiten Jung und Alt, Menschen mit und ohne Migrationsgeschichte, mit und ohne Behinderung. Es ist uns wichtig, dass <strong>alle die gleichen Chancen<\/strong> haben und wir ein Arbeitsumfeld schaffen, das f\u00fcr jede:n zug\u00e4nglich ist \u2013 unabh\u00e4ngig von Herkunft, Alter oder vermeintlichen Einschr\u00e4nkungen. Unsere unterschiedlichen Blickwinkel helfen uns, voneinander zu lernen, <strong>neue Perspektiven<\/strong> zu entdecken und <strong>gemeinsam zu wachsen<\/strong> \u2013 als Team und als Menschen. Diese Mischung bringt frischen Wind, neue Ideen und macht unsere Waffeln besonders. Vielfalt steckt bei uns somit nicht nur im Teig, sondern auch im Teamgeist.<\/p>\n<p>[\/vc_column_text][\/vc_column][\/vc_row][vc_row full_width=&#8221;stretch_row_content_no_spaces&#8221;][vc_column][vc_raw_html css=&#8221;&#8221;]JTNDZGl2JTIwY2xhc3MlM0QlMjJ3YXZlLXNlcGFyYXRvciUyMGJlaWdlLXRvLWJyb3duJTIyJTNFJTBEJTBBJTIwJTIwJTNDc3ZnJTIwdmlld0JveCUzRCUyMjAlMjAwJTIwMTQ0MCUyMDI1MCUyMiUyMHhtbG5zJTNEJTIyaHR0cCUzQSUyRiUyRnd3dy53My5vcmclMkYyMDAwJTJGc3ZnJTIyJTNFJTBEJTBBJTIwJTIwJTIwJTIwJTNDcGF0aCUyMGQlM0QlMjJNMCUyQzAlMjBDMzYwJTJDMjUwJTIwMTA4MCUyQzAlMjAxNDQwJTJDMjUwJTIwTDE0NDAlMkMwJTIwTDAlMkMwJTIwWiUyMiUyMGZpbGwlM0QlMjIlMjNmZWY2ZGYlMjIlM0UlM0MlMkZwYXRoJTNFJTBEJTBBJTIwJTIwJTNDJTJGc3ZnJTNFJTBEJTBBJTNDJTJGZGl2JTNF[\/vc_raw_html][\/vc_column][\/vc_row][vc_row full_width=&#8221;stretch_row&#8221; css=&#8221;.vc_custom_1748351538649{margin-top: -35px !important;margin-right: 50px !important;background-color: #F3E2C6 !important;}&#8221; el_id=&#8221;scroll-zitrone&#8221;][vc_column offset=&#8221;vc_col-xs-12&#8243;][vc_custom_heading text=&#8221;Regionale Produktion&#8221; font_container=&#8221;tag:h2|font_size:40|text_align:right|color:%238F0B0B&#8221; google_fonts=&#8221;font_family:Alfa%20Slab%20One%3Aregular|font_style:400%20regular%20normal%3A400%3Anormal&#8221; css=&#8221;.vc_custom_1750768001796{padding-top: 40px !important;}&#8221; el_class=&#8221;homepage-headline-3&#8243;][\/vc_column][\/vc_row][vc_row full_width=&#8221;stretch_row&#8221; equal_height=&#8221;yes&#8221; content_placement=&#8221;middle&#8221; css=&#8221;.vc_custom_1754897214134{margin-right: 1px !important;margin-left: 1px !important;background-color: #F3E2C6 !important;}&#8221; el_class=&#8221;reverse-on-mobile&#8221;][vc_column width=&#8221;2\/3&#8243; offset=&#8221;vc_col-md-8 vc_col-xs-12&#8243;][vc_column_text css=&#8221;&#8221; el_class=&#8221;filinchen-text&#8221;]Wir backen dort, wo wir leben \u2013 in <strong>Berlin-Pankow.<\/strong> Unsere Zutaten kommen aus Deutschland und den Nachbarl\u00e4ndern. Am liebsten greifen wir zu dem, was gerade Saison hat und aus der N\u00e4he kommt. So sparen wir Transportwege und bleiben immer nah dran \u2013 an der Region und an unseren Wurzeln.[\/vc_column_text][\/vc_column][vc_column width=&#8221;1\/3&#8243; offset=&#8221;vc_col-lg-offset-0 vc_col-lg-4 vc_col-md-offset-0 vc_col-md-4 vc_col-sm-offset-0 vc_col-xs-offset-3 vc_col-xs-6&#8243;][vc_single_image image=&#8221;4213&#8243; img_size=&#8221;large&#8221; alignment=&#8221;center&#8221; css_animation=&#8221;slideInUp&#8221; css=&#8221;.vc_custom_1750768751803{margin-top: -20px !important;}&#8221;][\/vc_column][\/vc_row][vc_row full_width=&#8221;stretch_row_content_no_spaces&#8221; css=&#8221;.vc_custom_1748434553739{margin-top: -35px !important;}&#8221;][vc_column][vc_raw_html css=&#8221;&#8221;]JTNDZGl2JTIwY2xhc3MlM0QlMjJ3YXZlLXNlcGFyYXRvciUyMGZsaXBwZWQlMjIlM0UlMEQlMEElMjAlMjAlM0NzdmclMjB2aWV3Qm94JTNEJTIyMCUyMDAlMjAxNDQwJTIwMjUwJTIyJTIweG1sbnMlM0QlMjJodHRwJTNBJTJGJTJGd3d3LnczLm9yZyUyRjIwMDAlMkZzdmclMjIlMjBzdHlsZSUzRCUyMnRyYW5zZm9ybSUzQSUyMHNjYWxlWCUyOC0xJTI5JTNCJTIyJTNFJTBEJTBBJTIwJTIwJTIwJTIwJTNDcGF0aCUyMGQlM0QlMjJNMCUyQzAlMjBDMzYwJTJDMjUwJTIwMTA4MCUyQzAlMjAxNDQwJTJDMjUwJTIwTDE0NDAlMkMwJTIwTDAlMkMwJTIwWiUyMiUyMGZpbGwlM0QlMjIlMjNmM2UyYzYlMjIlM0UlM0MlMkZwYXRoJTNFJTBEJTBBJTIwJTIwJTNDJTJGc3ZnJTNFJTBEJTBBJTNDJTJGZGl2JTNF[\/vc_raw_html][\/vc_column][\/vc_row][vc_row][vc_column offset=&#8221;vc_col-xs-12&#8243;][vc_custom_heading text=&#8221;Nachhaltigkeit&#8221; font_container=&#8221;tag:h2|font_size:40|text_align:left|color:%238F0B0B&#8221; google_fonts=&#8221;font_family:Alfa%20Slab%20One%3Aregular|font_style:400%20regular%20normal%3A400%3Anormal&#8221; css=&#8221;.vc_custom_1750768091319{padding-top: 40px !important;}&#8221; el_class=&#8221;homepage-headline-3&#8243;][\/vc_column][\/vc_row][vc_row css=&#8221;.vc_custom_1754897089669{margin-top: 50px !important;}&#8221;][vc_column width=&#8221;1\/3&#8243; offset=&#8221;vc_col-lg-offset-0 vc_col-md-offset-0 vc_col-md-4 vc_col-sm-offset-0 vc_col-xs-offset-3 vc_col-xs-6&#8243;][vc_single_image image=&#8221;4214&#8243; img_size=&#8221;large&#8221; alignment=&#8221;center&#8221; css_animation=&#8221;slideInUp&#8221; css=&#8221;&#8221;][\/vc_column][vc_column width=&#8221;2\/3&#8243; offset=&#8221;vc_col-lg-offset-0 vc_col-md-offset-0 vc_col-md-8 vc_col-sm-offset-0 vc_col-xs-12&#8243;][vc_column_text css=&#8221;&#8221; el_class=&#8221;filinchen-text&#8221;]<\/p>\n<div style=\"text-align: justify;\">\n<p>Wir produzieren, was gebraucht wird \u2013 <strong>nicht mehr und nicht weniger<\/strong>. Was \u00fcbrig bleibt, landet nicht im M\u00fcll, sondern wird weiterverwendet oder gespendet, zum Beispiel an die Tafel oder den Zoo. Unsere Verpackungen? Kein Schnickschnack, <strong>kein Aluminium<\/strong>, nur das N\u00f6tigste. Und wenn ein Karton nochmal genutzt werden kann, dann geht er bei uns einfach nochmal auf Tour.<\/p>\n<p>Auch in der Produktentwicklung schauen wir st\u00e4ndig, was noch besser geht \u2013 <strong>nachhaltiger, regionaler, sinnvoller.<\/strong> Statt Zutaten, die um die halbe Welt reisen, setzen wir zum Beispiel auf Alternativen wie <strong><a style=\"color: black; text-decoration: underline; font-weight: bold;\" href=\"https:\/\/choviva.com\/de\">Choviva<\/a><\/strong> \u2013 eine regionale Option zu klassischem Kakao. So bleibt der Fu\u00dfabdruck klein und der Geschmack gro\u00df.<\/p>\n<\/div>\n<p>[\/vc_column_text][\/vc_column][\/vc_row][vc_row full_width=&#8221;stretch_row_content_no_spaces&#8221;][vc_column][vc_raw_html css=&#8221;&#8221;]JTNDZGl2JTIwY2xhc3MlM0QlMjJ3YXZlLXNlcGFyYXRvciUyMGJlaWdlLXRvLWJyb3duJTIyJTNFJTBEJTBBJTIwJTIwJTNDc3ZnJTIwdmlld0JveCUzRCUyMjAlMjAwJTIwMTQ0MCUyMDI1MCUyMiUyMHhtbG5zJTNEJTIyaHR0cCUzQSUyRiUyRnd3dy53My5vcmclMkYyMDAwJTJGc3ZnJTIyJTNFJTBEJTBBJTIwJTIwJTIwJTIwJTNDcGF0aCUyMGQlM0QlMjJNMCUyQzAlMjBDMzYwJTJDMjUwJTIwMTA4MCUyQzAlMjAxNDQwJTJDMjUwJTIwTDE0NDAlMkMwJTIwTDAlMkMwJTIwWiUyMiUyMGZpbGwlM0QlMjIlMjNmZWY2ZGYlMjIlM0UlM0MlMkZwYXRoJTNFJTBEJTBBJTIwJTIwJTNDJTJGc3ZnJTNFJTBEJTBBJTNDJTJGZGl2JTNF[\/vc_raw_html][\/vc_column][\/vc_row][vc_row full_width=&#8221;stretch_row&#8221; css=&#8221;.vc_custom_1748351538649{margin-top: -35px !important;margin-right: 50px !important;background-color: #F3E2C6 !important;}&#8221;][vc_column offset=&#8221;vc_col-xs-12&#8243;][vc_custom_heading text=&#8221;Manufaktur-Ansatz mit Fachwissen&#8221; font_container=&#8221;tag:h2|font_size:40|text_align:right|color:%238F0B0B&#8221; google_fonts=&#8221;font_family:Alfa%20Slab%20One%3Aregular|font_style:400%20regular%20normal%3A400%3Anormal&#8221; css=&#8221;.vc_custom_1750768320618{padding-top: 40px !important;}&#8221; el_class=&#8221;homepage-headline-3&#8243;][\/vc_column][\/vc_row][vc_row full_width=&#8221;stretch_row&#8221; css=&#8221;.vc_custom_1750767866513{margin-right: 1px !important;margin-left: 1px !important;background-color: #F3E2C6 !important;}&#8221; el_class=&#8221;reverse-on-mobile&#8221;][vc_column width=&#8221;2\/3&#8243; offset=&#8221;vc_col-md-8 vc_col-xs-12&#8243;][vc_column_text css=&#8221;&#8221; el_class=&#8221;filinchen-text&#8221;]Unsere Waffeln sind <strong>manufakturgefertigt<\/strong> \u2013 kein Massen-Industrieprodukt. In der Backstube stehen echte <strong>B\u00e4ckermeister:innen<\/strong>, die ihr Handwerk verstehen und lieben. Maschinen helfen, aber ersetzen nicht das Gesp\u00fcr f\u00fcrs Detail. Wir achten auf <strong>gute Rohstoffe<\/strong> und arbeiten mit <strong>echter Leidenschaft<\/strong>. Und auch wenn bei uns viel Fachwissen steckt \u2013 wer Quereinsteiger:in ist und mit Herz und Neugier anpackt, ist genauso willkommen. Denn was mit Herz gemacht ist, schmeckt einfach besser.[\/vc_column_text][vc_custom_heading text=&#8221;Klicke hier, um unsere offenen Stellen anzusehen.&#8221; font_container=&#8221;tag:h2|font_size:40|text_align:left|color:%238F0B0B&#8221; google_fonts=&#8221;font_family:Cookie%3Aregular|font_style:400%20regular%20normal%3A400%3Anormal&#8221; css=&#8221;&#8221; link=&#8221;url:https%3A%2F%2Fspreewaffel.de%2Fweb%2Farbeite-mit-uns|title:Arbeite%20mit%20uns&#8221;][\/vc_column][vc_column width=&#8221;1\/3&#8243; offset=&#8221;vc_col-lg-offset-0 vc_col-lg-4 vc_col-md-offset-0 vc_col-md-4 vc_col-sm-offset-0 vc_col-xs-offset-3 vc_col-xs-6&#8243;][vc_single_image image=&#8221;4225&#8243; img_size=&#8221;medium&#8221; alignment=&#8221;center&#8221; css_animation=&#8221;slideInUp&#8221; css=&#8221;&#8221;][\/vc_column][\/vc_row][vc_row full_width=&#8221;stretch_row_content_no_spaces&#8221; css=&#8221;.vc_custom_1748434553739{margin-top: -35px !important;}&#8221;][vc_column][vc_raw_html css=&#8221;&#8221;]JTNDZGl2JTIwY2xhc3MlM0QlMjJ3YXZlLXNlcGFyYXRvciUyMGZsaXBwZWQlMjIlM0UlMEQlMEElMjAlMjAlM0NzdmclMjB2aWV3Qm94JTNEJTIyMCUyMDAlMjAxNDQwJTIwMjUwJTIyJTIweG1sbnMlM0QlMjJodHRwJTNBJTJGJTJGd3d3LnczLm9yZyUyRjIwMDAlMkZzdmclMjIlMjBzdHlsZSUzRCUyMnRyYW5zZm9ybSUzQSUyMHNjYWxlWCUyOC0xJTI5JTNCJTIyJTNFJTBEJTBBJTIwJTIwJTIwJTIwJTNDcGF0aCUyMGQlM0QlMjJNMCUyQzAlMjBDMzYwJTJDMjUwJTIwMTA4MCUyQzAlMjAxNDQwJTJDMjUwJTIwTDE0NDAlMkMwJTIwTDAlMkMwJTIwWiUyMiUyMGZpbGwlM0QlMjIlMjNmM2UyYzYlMjIlM0UlM0MlMkZwYXRoJTNFJTBEJTBBJTIwJTIwJTNDJTJGc3ZnJTNFJTBEJTBBJTNDJTJGZGl2JTNF[\/vc_raw_html][\/vc_column][\/vc_row][vc_row][vc_column offset=&#8221;vc_col-xs-12&#8243;][vc_custom_heading text=&#8221;Rezepturtreue&#8221; font_container=&#8221;tag:h2|font_size:40|text_align:left|color:%238F0B0B&#8221; google_fonts=&#8221;font_family:Alfa%20Slab%20One%3Aregular|font_style:400%20regular%20normal%3A400%3Anormal&#8221; css=&#8221;.vc_custom_1750768563939{padding-top: 40px !important;}&#8221; el_class=&#8221;homepage-headline-3&#8243;][\/vc_column][\/vc_row][vc_row css=&#8221;.vc_custom_1754897104430{margin-top: 50px !important;margin-bottom: 100px !important;}&#8221;][vc_column width=&#8221;1\/3&#8243; offset=&#8221;vc_col-lg-offset-0 vc_col-md-offset-0 vc_col-md-4 vc_col-sm-offset-0 vc_col-xs-offset-3 vc_col-xs-6&#8243;][vc_single_image image=&#8221;4223&#8243; img_size=&#8221;large&#8221; alignment=&#8221;center&#8221; css_animation=&#8221;slideInUp&#8221; css=&#8221;&#8221;][\/vc_column][vc_column width=&#8221;2\/3&#8243; offset=&#8221;vc_col-lg-offset-0 vc_col-md-offset-0 vc_col-md-8 vc_col-sm-offset-0 vc_col-xs-12&#8243;][vc_column_text css=&#8221;&#8221; el_class=&#8221;filinchen-text&#8221;]Unsere <strong>Rezepte haben Geschichte<\/strong> \u2013 und die schmeckt man. Seit Jahren arbeiten wir mit den gleichen Grundrezepten, verfeinert durch Erfahrung und Fingerspitzengef\u00fchl. Wir verzichten auf k\u00fcnstliche Zus\u00e4tze, setzen auf <strong>nat\u00fcrliche Aromen<\/strong> und <strong>echte Fruchtpulver<\/strong> &#8211; Was drin ist, steht drauf. Und was nicht reingeh\u00f6rt, bleibt drau\u00dfen.<\/p>\n<p>Die schonende Verarbeitung sorgt daf\u00fcr, dass der Geschmack bleibt, wie er sein soll: ehrlich und unverf\u00e4lscht. Die genauen Rezepte? Bleiben unser kleines Geheimnis. Damit du bei jedem Bissen das gleiche gute Gef\u00fchl hast.[\/vc_column_text][\/vc_column][\/vc_row][vc_row][vc_column][vc_column_text css=&#8221;&#8221; el_class=&#8221;filinchen-text&#8221;]<\/p>\n<p style=\"text-align: center;\">Um die <strong>Qualit\u00e4t<\/strong> und unsere <strong>hohen Standards<\/strong> sicherzustellen, sind wir nach <span style=\"color: #000000;\"><a style=\"color: #000000;\" href=\"https:\/\/www.ifs-certification.com\/it\/\"><strong>IFS (International Featured Standards)<\/strong><\/a><\/span> zertifiziert, einem international anerkannten System, das die Sicherheit und Qualit\u00e4t von Lebensmitteln garantiert.<\/p>\n<p style=\"text-align: center;\">Hier kannst du unser Zertifikat herunterladen:<\/p>\n<p>[\/vc_column_text][vc_row_inner equal_height=&#8221;yes&#8221; content_placement=&#8221;middle&#8221;][vc_column_inner width=&#8221;1\/3&#8243; offset=&#8221;vc_col-xs-6 vc_hidden-xs&#8221;][vc_btn title=&#8221;Deutsch&#8221; style=&#8221;custom&#8221; custom_background=&#8221;#8F0B0B&#8221; custom_text=&#8221;#FEF6DF&#8221; shape=&#8221;round&#8221; size=&#8221;lg&#8221; align=&#8221;center&#8221; css=&#8221;&#8221; link=&#8221;url:https%3A%2F%2Fspreewaffel.de%2Fweb%2Fwp-content%2Fuploads%2F2026%2F01%2FIFS-Zertifikat-SPREEwaffel-Berlin-Pankow-GmbH-gueltig-bis-28.01.2027-deutsch.pdf&#8221;][\/vc_column_inner][vc_column_inner width=&#8221;1\/3&#8243; offset=&#8221;vc_col-xs-6 vc_hidden-xs&#8221;][vc_single_image image=&#8221;5498&#8243; img_size=&#8221;300&#215;178&#8243; alignment=&#8221;center&#8221; css=&#8221;&#8221;][\/vc_column_inner][vc_column_inner width=&#8221;1\/3&#8243; offset=&#8221;vc_hidden-xs&#8221;][vc_btn title=&#8221;Englisch&#8221; style=&#8221;custom&#8221; custom_background=&#8221;#8F0B0B&#8221; custom_text=&#8221;#FEF6DF&#8221; shape=&#8221;round&#8221; size=&#8221;lg&#8221; align=&#8221;center&#8221; css=&#8221;&#8221; link=&#8221;url:https%3A%2F%2Fspreewaffel.de%2Fweb%2Fwp-content%2Fuploads%2F2026%2F01%2FIFS-Zertifikat-SPREEwaffel-Berlin-Pankow-GmbH-gueltig-bis-28.01.2027-englisch.pdf&#8221;][\/vc_column_inner][\/vc_row_inner][vc_row_inner equal_height=&#8221;yes&#8221; content_placement=&#8221;middle&#8221;][vc_column_inner width=&#8221;1\/3&#8243; offset=&#8221;vc_col-lg-offset-0 vc_hidden-lg vc_col-md-offset-0 vc_hidden-md vc_col-sm-offset-0 vc_hidden-sm vc_col-xs-offset-2 vc_col-xs-8&#8243;][vc_single_image image=&#8221;5498&#8243; img_size=&#8221;300&#215;178&#8243; alignment=&#8221;center&#8221; css=&#8221;&#8221;][\/vc_column_inner][vc_column_inner width=&#8221;1\/3&#8243; offset=&#8221;vc_hidden-lg vc_hidden-md vc_hidden-sm vc_col-xs-6&#8243;][vc_btn title=&#8221;Deutsch&#8221; style=&#8221;custom&#8221; custom_background=&#8221;#8F0B0B&#8221; custom_text=&#8221;#FEF6DF&#8221; shape=&#8221;round&#8221; size=&#8221;lg&#8221; align=&#8221;center&#8221; css=&#8221;&#8221; link=&#8221;url:https%3A%2F%2Fspreewaffel.de%2Fweb%2Fwp-content%2Fuploads%2F2025%2F09%2FIFS-Zertifikat-SPREEwaffel-Berlin-Pankow-GmbH-gueltig-bis-28.01.2026-deutsch.pdf&#8221;][\/vc_column_inner][vc_column_inner width=&#8221;1\/3&#8243; offset=&#8221;vc_hidden-lg vc_hidden-md vc_hidden-sm vc_col-xs-6&#8243;][vc_btn title=&#8221;Englisch&#8221; style=&#8221;custom&#8221; custom_background=&#8221;#8F0B0B&#8221; custom_text=&#8221;#FEF6DF&#8221; shape=&#8221;round&#8221; size=&#8221;lg&#8221; align=&#8221;center&#8221; css=&#8221;&#8221; link=&#8221;url:https%3A%2F%2Fspreewaffel.de%2Fweb%2Fwp-content%2Fuploads%2F2025%2F09%2FIFS-Zertifikat-SPREEwaffel-Berlin-Pankow-GmbH-gueltig-bis-28.01.2026-englisch.pdf&#8221;][\/vc_column_inner][\/vc_row_inner][\/vc_column][\/vc_row][vc_row css=&#8221;.vc_custom_1750667222646{margin-top: 70px !important;}&#8221;][vc_column][vc_custom_heading text=&#8221;Lust auf Waffeln?&#8221; font_container=&#8221;tag:h2|font_size:80|text_align:center|color:%23FEF6DF&#8221; google_fonts=&#8221;font_family:Alfa%20Slab%20One%3Aregular|font_style:400%20regular%20normal%3A400%3Anormal&#8221; css=&#8221;&#8221; el_class=&#8221;outlined-headline&#8221;][vc_custom_heading text=&#8221;Zum Shop&#8221; font_container=&#8221;tag:h2|font_size:80|text_align:center|color:%238F0B0B&#8221; google_fonts=&#8221;font_family:Cookie%3Aregular|font_style:400%20regular%20normal%3A400%3Anormal&#8221; css=&#8221;&#8221; el_class=&#8221;bottom-headline&#8221; link=&#8221;url:https%3A%2F%2Fwww.knusperladen.de%2F&#8221;][\/vc_column][\/vc_row]<\/p>\n<\/div>","protected":false},"excerpt":{"rendered":"<p>[vc_row full_width=&#8221;stretch_row_content_no_spaces&#8221;][vc_column offset=&#8221;vc_hidden-md vc_hidden-sm vc_hidden-xs&#8221;][vc_single_image image=&#8221;4747&#8243; img_size=&#8221;FULL&#8221; css=&#8221;&#8221;][\/vc_column][\/vc_row][vc_row full_width=&#8221;stretch_row_content_no_spaces&#8221;][vc_column offset=&#8221;vc_hidden-lg&#8221;][vc_single_image image=&#8221;4238&#8243; img_size=&#8221;FULL&#8221; css=&#8221;&#8221;][\/vc_column][\/vc_row][vc_row full_width=&#8221;stretch_row&#8221; css=&#8221;.vc_custom_1750666730356{margin-right: 15px !important;margin-left: 15px !important;background-position: center [&hellip;]<\/p>\n","protected":false},"author":3,"featured_media":0,"parent":0,"menu_order":0,"comment_status":"closed","ping_status":"closed","template":"","meta":{"site-sidebar-layout":"no-sidebar","site-content-layout":"plain-container","ast-site-content-layout":"default","site-content-style":"default","site-sidebar-style":"default","ast-global-header-display":"","ast-banner-title-visibility":"","ast-main-header-display":"","ast-hfb-above-header-display":"","ast-hfb-below-header-display":"","ast-hfb-mobile-header-display":"","site-post-title":"disabled","ast-breadcrumbs-content":"","ast-featured-img":"disabled","footer-sml-layout":"","theme-transparent-header-meta":"default","adv-header-id-meta":"","stick-header-meta":"","header-above-stick-meta":"","header-main-stick-meta":"","header-below-stick-meta":"","astra-migrate-meta-layouts":"set","ast-page-background-enabled":"default","ast-page-background-meta":{"desktop":{"background-color":"var(--ast-global-color-5)","background-image":"","background-repeat":"repeat","background-position":"center center","background-size":"auto","background-attachment":"scroll","background-type":"","background-media":"","overlay-type":"","overlay-color":"","overlay-opacity":"","overlay-gradient":""},"tablet":{"background-color":"","background-image":"","background-repeat":"repeat","background-position":"center center","background-size":"auto","background-attachment":"scroll","background-type":"","background-media":"","overlay-type":"","overlay-color":"","overlay-opacity":"","overlay-gradient":""},"mobile":{"background-color":"","background-image":"","background-repeat":"repeat","background-position":"center center","background-size":"auto","background-attachment":"scroll","background-type":"","background-media":"","overlay-type":"","overlay-color":"","overlay-opacity":"","overlay-gradient":""}},"ast-content-background-meta":{"desktop":{"background-color":"var(--ast-global-color-4)","background-image":"","background-repeat":"repeat","background-position":"center center","background-size":"auto","background-attachment":"scroll","background-type":"","background-media":"","overlay-type":"","overlay-color":"","overlay-opacity":"","overlay-gradient":""},"tablet":{"background-color":"var(--ast-global-color-4)","background-image":"","background-repeat":"repeat","background-position":"center center","background-size":"auto","background-attachment":"scroll","background-type":"","background-media":"","overlay-type":"","overlay-color":"","overlay-opacity":"","overlay-gradient":""},"mobile":{"background-color":"var(--ast-global-color-4)","background-image":"","background-repeat":"repeat","background-position":"center center","background-size":"auto","background-attachment":"scroll","background-type":"","background-media":"","overlay-type":"","overlay-color":"","overlay-opacity":"","overlay-gradient":""}},"footnotes":""},"class_list":["post-4203","page","type-page","status-publish","hentry"],"_links":{"self":[{"href":"https:\/\/spreewaffel.de\/web\/wp-json\/wp\/v2\/pages\/4203","targetHints":{"allow":["GET"]}}],"collection":[{"href":"https:\/\/spreewaffel.de\/web\/wp-json\/wp\/v2\/pages"}],"about":[{"href":"https:\/\/spreewaffel.de\/web\/wp-json\/wp\/v2\/types\/page"}],"author":[{"embeddable":true,"href":"https:\/\/spreewaffel.de\/web\/wp-json\/wp\/v2\/users\/3"}],"replies":[{"embeddable":true,"href":"https:\/\/spreewaffel.de\/web\/wp-json\/wp\/v2\/comments?post=4203"}],"version-history":[{"count":34,"href":"https:\/\/spreewaffel.de\/web\/wp-json\/wp\/v2\/pages\/4203\/revisions"}],"predecessor-version":[{"id":5528,"href":"https:\/\/spreewaffel.de\/web\/wp-json\/wp\/v2\/pages\/4203\/revisions\/5528"}],"wp:attachment":[{"href":"https:\/\/spreewaffel.de\/web\/wp-json\/wp\/v2\/media?parent=4203"}],"curies":[{"name":"wp","href":"https:\/\/api.w.org\/{rel}","templated":true}]}}